{"id":926,"date":"2011-07-04T17:28:29","date_gmt":"2011-07-04T17:28:29","guid":{"rendered":"http:\/\/donesesglesia.cat\/wp_cde\/?page_id=926"},"modified":"2014-05-29T20:28:58","modified_gmt":"2014-05-29T20:28:58","slug":"associat","status":"publish","type":"page","link":"https:\/\/donesesglesia.cat\/wp_cde\/associat\/","title":{"rendered":"Associa&#8217;t"},"content":{"rendered":"<p><img loading=\"lazy\" decoding=\"async\" class=\"alignright\" title=\"Associa't\" src=\"http:\/\/donesesglesia.cat\/imatges\/banner_socis.jpg\" alt=\"\" width=\"290\" height=\"193\" \/><br \/>\nVols fer-te s\u00f2cia? Vols ajudar-nos?<\/p>\n<p>Nom\u00e9s cal que imprimeixis aquesta butlleta i l&#8217;envi\u00efs degudament emplenada a l&#8217;adre\u00e7a del CDE.<\/p>\n<p><a href=\"http:\/\/donesesglesia.cat\/documents\/butlleta-subscripcio-socia.pdf\" target=\"_blank\">Butlleta de subscripci\u00f3<\/a><\/p>\n","protected":false},"excerpt":{"rendered":"<p>Vols fer-te s\u00f2cia? Vols ajudar-nos? Nom\u00e9s cal que imprimeixis aquesta butlleta i l&#8217;envi\u00efs degudament emplenada a l&#8217;adre\u00e7a del CDE. Butlleta de subscripci\u00f3<\/p>\n","protected":false},"author":1,"featured_media":0,"parent":0,"menu_order":0,"comment_status":"closed","ping_status":"closed","template":"","meta":{"footnotes":""},"class_list":["post-926","page","type-page","status-publish","hentry"],"_links":{"self":[{"href":"https:\/\/donesesglesia.cat\/wp_cde\/wp-json\/wp\/v2\/pages\/926","targetHints":{"allow":["GET"]}}],"collection":[{"href":"https:\/\/donesesglesia.cat\/wp_cde\/wp-json\/wp\/v2\/pages"}],"about":[{"href":"https:\/\/donesesglesia.cat\/wp_cde\/wp-json\/wp\/v2\/types\/page"}],"author":[{"embeddable":true,"href":"https:\/\/donesesglesia.cat\/wp_cde\/wp-json\/wp\/v2\/users\/1"}],"replies":[{"embeddable":true,"href":"https:\/\/donesesglesia.cat\/wp_cde\/wp-json\/wp\/v2\/comments?post=926"}],"version-history":[{"count":0,"href":"https:\/\/donesesglesia.cat\/wp_cde\/wp-json\/wp\/v2\/pages\/926\/revisions"}],"wp:attachment":[{"href":"https:\/\/donesesglesia.cat\/wp_cde\/wp-json\/wp\/v2\/media?parent=926"}],"curies":[{"name":"wp","href":"https:\/\/api.w.org\/{rel}","templated":true}]}}