{"id":91,"date":"2011-09-01T10:00:51","date_gmt":"2011-09-01T10:00:51","guid":{"rendered":"http:\/\/donesesglesia.cat\/wp_cde\/?page_id=91"},"modified":"2013-11-16T18:58:29","modified_gmt":"2013-11-16T18:58:29","slug":"cursos","status":"publish","type":"page","link":"https:\/\/donesesglesia.cat\/wp_cde\/cursos\/","title":{"rendered":"Cursos i xerrades"},"content":{"rendered":"<h4><b>CURS 2013-2014 &#8211; Programa d&#8217;activitats<br \/>\n<\/b><\/h4>\n<p style=\"text-align: left;\"><a href=\"http:\/\/donesesglesia.cat\/wp_cde\/wp-content\/uploads\/2013\/11\/cde-conferencies_2013-2014.pdf\">Podeu descarregar-vos el programa en PDF<\/a><\/p>\n<h5 style=\"border-bottom: thin solid #515151;\">SEU DEL CDE<\/h5>\n<p style=\"text-align: justify;\">Totes les confer\u00e8ncies i actes es realitzaran a la Sala Abat Escarr\u00e9, c\/Rocafort, 242 bis (Edifici CIEMEN) de Barcelona.<\/p>\n<p style=\"text-align: justify;\"><strong>7 d\u2019octubre de 2013<\/strong>, dilluns, a les 18 h, confer\u00e8ncia: El naixement del cristianisme en els anys immediatament posteriors a l\u2019execuci\u00f3 de Jes\u00fas. Primers memorials de les comunitats cristianes abans dels anys 50 del segle I, a c\u00e0rrec de Roser Garriga i Trullols<\/p>\n<p style=\"text-align: justify;\"><strong>4 de novembre de 2013<\/strong>, dilluns, a les 18 h, confer\u00e8ncia: Memorials de les comunitats cristianes despr\u00e9s dels anys 50. Import\u00e0ncia del paper de la dona en aquestes celebracions i comunitats. Import\u00e0ncia de les dones en l\u2019esgl\u00e9sia primitiva, a c\u00e0rrec de Paloma Llorente Meg\u00edas<\/p>\n<p style=\"text-align: justify;\"><strong>2 de desembre de 2013<\/strong>, dilluns, a les 18 h, confer\u00e8ncia: El sentit pregon del memorial jesu\u00e0nic. Desviacions. Jes\u00fas i la seva predicaci\u00f3, a c\u00e0rrec de M. Pau Trayner Vilanova<\/p>\n<p style=\"text-align: justify;\"><strong>3 febrer de 2014<\/strong>, dilluns, a les 18 h, confer\u00e8ncia: Com tracta avui, el Vatic\u00e0, la q\u00fcesti\u00f3 de l\u2019ordenaci\u00f3 de les dones: Joan Pau II i el seu impossible punt final a aquesta q\u00fcesti\u00f3. La dona pensa, reflexiona, diu i actua, a c\u00e0rrec de Magda Tom\u00e0s<\/p>\n<p style=\"text-align: justify;\"><strong>3 de mar\u00e7 de 2014<\/strong>, dilluns, a les 18 h, reflexi\u00f3 respecte a la pr\u00e0ctica del Memorial del Senyor en el Col\u00b7lectiu preparada per l\u2019equip de preg\u00e0ria: El nostre memorial: conclusions i reafirmacions de les decisions preses i practicades. Taula rodona condu\u00efda per M. Dolors Figueras i Manel Cord\u00f3n Jim\u00e9nez<\/p>\n<p style=\"text-align: justify;\"><strong>7 d\u2019abril de 2014<\/strong>, dilluns, a les 18 h, confer\u00e8ncia: Teologia per al segle XXI. Noves orientacions per al nostre temps, a c\u00e0rrec de Roser Garriga i Trullols<\/p>\n<p style=\"text-align: justify;\"><strong>17 de maig de 2014<\/strong>, dissabte, Jornada d\u2019Aprofundiment Teol\u00f2gic (tema per determinar)<\/p>\n<p>&nbsp;<\/p>\n<h5 style=\"border-bottom: thin solid #515151;\">DELEGACI\u00d3 DE GIRONA<\/h5>\n<p style=\"text-align: justify;\">Totes les confer\u00e8ncies es realitzaran al Centre C\u00edvic Pla de Palau, c\/ Saragossa, 27, Girona.<\/p>\n<p style=\"text-align: justify;\"><strong>15 d\u2019octubre de 2013<\/strong>, dimarts, a les 17.30 h, confer\u00e8ncia: El naixement del cristianisme en els anys immediatament posteriors a l\u2019execuci\u00f3 de Jes\u00fas. Primers memorials de les comunitats cristianes abans dels anys 50 del segle I, a c\u00e0rrec de Roser Garriga i Trullols<\/p>\n<p style=\"text-align: justify;\"><strong>12 de novembre de 2013<\/strong>, dimarts, a les 17.30 h, confer\u00e8ncia: Memorials de les Comunitats Cristianes despr\u00e9s dels anys 50. Import\u00e0ncia del paper de la dona en aquestes celebracions i comunitats. Import\u00e0ncia de les dones en l\u2019Esgl\u00e9sia primitiva. Pres\u00e8ncia de l\u00edders en les comunitats, a c\u00e0rrec de Paloma Llorente Meg\u00edas<\/p>\n<p style=\"text-align: justify;\"><strong>10 de desembre de 2013<\/strong>, dimarts, a les 17.30 h, confer\u00e8ncia: El sentit pregon del memorial jesu\u00e0nic. Desviacions. Jes\u00fas i la seva predicaci\u00f3, a c\u00e0rrec de M. Pau Trayner Vilanova<\/p>\n<p style=\"text-align: justify;\"><strong>11 de febrer de 2014<\/strong>, dimarts, a les 17.30 h, confer\u00e8ncia: Com tracta avui, el Vatic\u00e0, la q\u00fcesti\u00f3 de l\u2019ordenaci\u00f3 de les dones: Joan Pau II i el seu impossible \u201cpunt final\u201d a aquesta q\u00fcesti\u00f3. La dona pensa, reflexiona, diu i actua, a c\u00e0rrec de Magda Tom\u00e0s Ribas<\/p>\n<p style=\"text-align: justify;\"><strong>11 de mar\u00e7 de 2014<\/strong>, dimarts, a les 17.30 h, confer\u00e8ncia: El nostre memorial: conclusions i reafirmacions de les decisions preses i practicades, a c\u00e0rrec de Manel Cord\u00f3n Jim\u00e9nez i M. Dolors Figueras<\/p>\n<p style=\"text-align: justify;\"><strong>15 d\u2019abril de 2014<\/strong>, dimarts, a les 17.30 h, confer\u00e8ncia: Teologia per al segle XXI. Noves orientacions per al nostre temps, a c\u00e0rrec de Roser Garriga i Trullols<\/p>\n<p>&nbsp;<\/p>\n<h5 style=\"border-bottom: thin solid #515151;\">DELEGACI\u00d3 D\u2019HORTA<\/h5>\n<p style=\"text-align: justify;\"><strong>Biblioteca Can Mariner<\/strong><\/p>\n<p style=\"text-align: justify;\">Totes les confer\u00e8ncies es realitzaran a la Biblioteca Can Mariner, c\/ del Vent, 1 (tocant al c\/ Horta), Barcelona.<\/p>\n<p style=\"text-align: justify;\"><strong>24 d\u2019octubre de 2013<\/strong>, dijous, a les 18 h, confer\u00e8ncia: Els noms, s\u00edmbols, societats diferents, a c\u00e0rrec de M. Pau Trayner Vilanova<\/p>\n<p style=\"text-align: justify;\"><strong>21 de novembre de 2013<\/strong>, dijous, a les 18 h, confer\u00e8ncia: Ser persona: subjecte en construcci\u00f3 per a una just\u00edcia social real, a c\u00e0rrec de Neus Forcano Aparicio<\/p>\n<p style=\"text-align: justify;\"><strong>16 de gener de 2014<\/strong>, dijous, a les 18 h, confer\u00e8ncia: Mare Maria Skobtsov, dona de l\u2019Esgl\u00e9sia ortodoxa russa, a c\u00e0rrec de Roser Sol\u00e9 i Besteiro<\/p>\n<p style=\"text-align: justify;\"><strong>13 de febrer de 2014<\/strong>, dijous, a les 18 h, confer\u00e8ncia: Els nostres principis i valors, han canviat?, a c\u00e0rrec de Tica Font Gregori<\/p>\n<p style=\"text-align: justify;\"><strong>13 de mar\u00e7 de 2014<\/strong>, dijous, a les 18 h, confer\u00e8ncia: Constant\u00ed, un emperador oportunista que transformar\u00e0 el cristianisme, a c\u00e0rrec de Manel Cord\u00f3n Jim\u00e9nez<\/p>\n<p style=\"text-align: justify;\"><strong>10 d\u2019abril de 2014<\/strong>, dijous, a les 18 h, confer\u00e8ncia: El tractament eclesi\u00e0stic de la peder\u00e0stia, a c\u00e0rrec de Marta Boza Rucosa<\/p>\n<p style=\"text-align: justify;\"><strong>15 de maig de 2014<\/strong>, dijous, a les 18 h, confer\u00e8ncia: Conflicte social i crisi, resposta dels creients, a c\u00e0rrec de Jaume Botey<\/p>\n<p style=\"text-align: justify;\"><strong>12 de juny de 2014<\/strong>, dijous, a les 18 h, confer\u00e8ncia: Viure l&#8217;Esgl\u00e9sia a la frontera del conflicte social i la crisi, a c\u00e0rrec de Merc\u00e8 Otero Vidal<\/p>\n<p style=\"text-align: justify;\"><strong>Casal<\/strong><\/p>\n<p style=\"text-align: justify;\">Totes les confer\u00e8ncies es realitzaran al Casal de la Font d\u2019en Fargues, c\/ Pedrell, 67-69, Barcelona. Parades de Metro de la L4: Carmel, Horta i Vilapicina. Autobusos: 39 i 117.<\/p>\n<p style=\"text-align: justify;\"><strong>30 d\u2019octubre de 2013<\/strong>, dimecres, a les 18 h, confer\u00e8ncia: Paper de les religions en la participaci\u00f3 pol\u00edtica i l&#8217;espai p\u00fablic, a c\u00e0rrec de Neus Forcano Aparicio<\/p>\n<p style=\"text-align: justify;\"><strong>27 de novembre de 2013<\/strong>, dimecres, a les 18 h, confer\u00e8ncia: Sant Pau, el primer cristi\u00e0, a c\u00e0rrec de Manel Cord\u00f3n Jim\u00e9nez<\/p>\n<p style=\"text-align: justify;\"><strong>22 de gener de 2014<\/strong>, dimecres, a les 18 h, confer\u00e8ncia: Qu\u00e8 podem aprendre de les dones immigrants?, a c\u00e0rrec de M. Vict\u00f2ria Molins<\/p>\n<p style=\"text-align: justify;\"><strong>20 de febrer de 2014<\/strong>, dijous, a les 18 h, confer\u00e8ncia: Creences, g\u00e8nere i praxis, a c\u00e0rrec de Paloma Llorente Meg\u00edas<\/p>\n<p style=\"text-align: justify;\"><strong>26 de mar\u00e7 de 2014<\/strong>, dimecres, a les 18 h, conferencia: Dones emprenedores, a c\u00e0rrec de Merc\u00e8 Otero Vidal<\/p>\n<p style=\"text-align: justify;\"><strong>30 d\u2019abril de 2014<\/strong>, dimecres, a les 18 h, confer\u00e8ncia: Des de la dona del sur andino de Per\u00fa, com es projecta a tot el m\u00f3n, a c\u00e0rrec del bisbe em\u00e8rit Joan Godayol Comas<\/p>\n<p style=\"text-align: justify;\"><strong>28 de maig de 2014<\/strong>, dimecres, a les 18 h, a les 18h confer\u00e8ncia: La Maternitat d\u2019Elna, a c\u00e0rrec d\u2019Assumpta Montell\u00e0<\/p>\n<p style=\"text-align: justify;\"><strong>18 de juny de 2014<\/strong>, a les 18 h, confer\u00e8ncia: Hist\u00f2ria dels papes. Un rep\u00e0s dels personatges m\u00e9s significatius, a c\u00e0rrec de Manel Cord\u00f3n Jim\u00e9nez<\/p>\n<p>&nbsp;<\/p>\n<h5 style=\"border-bottom: thin solid #515151;\">DELEGACI\u00d3 DE SABADELL<\/h5>\n<p style=\"text-align: justify;\">Totes les confer\u00e8ncies es realitzaran al Casal Pere Quart, Rambla, 69, Sabadell.<\/p>\n<p style=\"text-align: justify;\"><strong>21 de gener de 2014<\/strong>, dimarts, a les 19.30 h, confer\u00e8ncia: Ens falta humor? L\u2019humor com a eina de reacci\u00f3 enfront de les adversitats de la vida, sense trivialitzar-les, a c\u00e0rrec de moss\u00e8n Josep Jordi<\/p>\n<p style=\"text-align: justify;\"><strong>18 de mar\u00e7 de 2014<\/strong>, dimarts, a les 19.30 h, recital de poesia i prosa po\u00e8tica: El llenguatge \u00e9s essencialment mascul\u00ed, buscant el perqu\u00e8 del g\u00e8nere, a c\u00e0rrec de Montserrat Graner, Remei Vilarrubia i Paquita Domingo<\/p>\n<p style=\"text-align: justify;\"><strong>20 de maig de 2014<\/strong>, dimarts, a les 19.30 h, confer\u00e8ncia: Alternatives de futur. Hannah Arendt: El pensament femen\u00ed per la pau, a c\u00e0rrec d\u2019Anna Mass\u00f3<\/p>\n<p>&nbsp;<\/p>\n<h5 style=\"border-bottom: thin solid #515151;\">DELEGACI\u00d3 DE SANT JUST D\u2019ESVERN<\/h5>\n<p style=\"text-align: justify;\">Totes les confer\u00e8ncies es realitzaran a la Parr\u00f2quia de Sant Just i Pastor, pla\u00e7a de l\u2019Esgl\u00e9sia, s\/n, Sant Just Desvern.<\/p>\n<p style=\"text-align: justify;\"><strong>8 de novembre de 2013<\/strong>, divendres, a les 20.30 h, confer\u00e8ncia: Han passat 50 anys del Concili Vatic\u00e0 II; aportacions rellevants, qu\u00e8 ens diu avui?, podem, i volem avan\u00e7ar?, a c\u00e0rrec de moss\u00e8n Joaquim Rius i Adell<\/p>\n<p>&nbsp;<\/p>\n<h5 style=\"border-bottom: thin solid #515151;\">DELEGACI\u00d3 DE SARRI\u00c0 (Orlandai)<\/h5>\n<p style=\"text-align: justify;\">Totes les confer\u00e8ncies es realitzaran al Centre C\u00edvic Orlandai, c\/ Jaume Piquet, 23 (FGC, parada Sarri\u00e0, sortida per Verge de N\u00faria), Barcelona.<\/p>\n<p style=\"text-align: justify;\"><strong>10 d\u2019octubre de 2013<\/strong>, dijous, a les 17.30 h, confer\u00e8ncia: Les dones en l\u2019evangeli de Joan i de Marc, a c\u00e0rrec de M. Ant\u00f2nia Sabater Montserrat<\/p>\n<p style=\"text-align: justify;\"><strong>14 de novembre de 2013<\/strong>, dijous, a les 17.30 h, confer\u00e8ncia: Maria, imatge de la feminitat de D\u00e9u, a c\u00e0rrec de M. Pau Trayner Vilanova<\/p>\n<p style=\"text-align: justify;\"><strong>12 de desembre de 2013<\/strong>, dijous, a les 17.30 h, confer\u00e8ncia: La misog\u00ednia en la hist\u00f2ria de Catalunya, a c\u00e0rrec de Roser Garriga i Trullols<\/p>\n<p style=\"text-align: justify;\"><strong>9 de gener de 2014<\/strong>, dijous, a les 17.30 h, confer\u00e8ncia: Els nous s\u00edmbols, a c\u00e0rrec de M. Pau Trayner Vilanova<\/p>\n<p style=\"text-align: justify;\"><strong>13 de febrer de 2014<\/strong>, dijous, a les 17.30 h, confer\u00e8ncia: Repte del segle XXI, que la dona recuperi la veu, a c\u00e0rrec de M. Ant\u00f2nia Sabater Montserrat<\/p>\n<p style=\"text-align: justify;\"><strong>13 de mar\u00e7 de 2014<\/strong>, dijous, a les 17.30 h, confer\u00e8ncia: Madeleine Delbr\u00eal, a c\u00e0rrec de Roser Sol\u00e9 Besteiro<\/p>\n<p style=\"text-align: justify;\"><strong>10 d\u2019abril de 2014<\/strong>, dijous, a les 17.30 h, confer\u00e8ncia: Qu\u00e8 \u00e9s important a la nostra vida?, a c\u00e0rrec de M. Pau Trayner Vilanova<\/p>\n<p style=\"text-align: justify;\"><strong>8 de maig de 2014<\/strong>, dijous, a les 17.30 h, confer\u00e8ncia: Dones amb autoritat en l\u2019Antic Testament, a c\u00e0rrec de M. Ant\u00f2nia Sabater Montserrat<\/p>\n<p style=\"text-align: justify;\"><strong>12 de juny de 2014<\/strong>, dijous, a les 17.30 h, confer\u00e8ncia: Un altre D\u00e9u \u00e9s possible, a c\u00e0rrec de M. Pau Trayner Vilanova<\/p>\n<p>&nbsp;<\/p>\n","protected":false},"excerpt":{"rendered":"<p>CURS 2013-2014 &#8211; Programa d&#8217;activitats Podeu descarregar-vos el programa en PDF SEU DEL CDE Totes les confer\u00e8ncies i actes es realitzaran a la Sala Abat Escarr\u00e9, c\/Rocafort, 242 bis (Edifici [&hellip;]<\/p>\n","protected":false},"author":1,"featured_media":0,"parent":0,"menu_order":0,"comment_status":"open","ping_status":"open","template":"","meta":{"footnotes":""},"class_list":["post-91","page","type-page","status-publish","hentry"],"_links":{"self":[{"href":"https:\/\/donesesglesia.cat\/wp_cde\/wp-json\/wp\/v2\/pages\/91","targetHints":{"allow":["GET"]}}],"collection":[{"href":"https:\/\/donesesglesia.cat\/wp_cde\/wp-json\/wp\/v2\/pages"}],"about":[{"href":"https:\/\/donesesglesia.cat\/wp_cde\/wp-json\/wp\/v2\/types\/page"}],"author":[{"embeddable":true,"href":"https:\/\/donesesglesia.cat\/wp_cde\/wp-json\/wp\/v2\/users\/1"}],"replies":[{"embeddable":true,"href":"https:\/\/donesesglesia.cat\/wp_cde\/wp-json\/wp\/v2\/comments?post=91"}],"version-history":[{"count":0,"href":"https:\/\/donesesglesia.cat\/wp_cde\/wp-json\/wp\/v2\/pages\/91\/revisions"}],"wp:attachment":[{"href":"https:\/\/donesesglesia.cat\/wp_cde\/wp-json\/wp\/v2\/media?parent=91"}],"curies":[{"name":"wp","href":"https:\/\/api.w.org\/{rel}","templated":true}]}}